{"id":677,"date":"2023-01-18T08:34:20","date_gmt":"2023-01-18T08:34:20","guid":{"rendered":"https:\/\/lacasadelasburbujasazules.com\/en\/?page_id=677"},"modified":"2023-04-17T13:25:07","modified_gmt":"2023-04-17T13:25:07","slug":"espacio-cultural","status":"publish","type":"page","link":"https:\/\/lacasadelasburbujasazules.com\/en\/espacio-cultural\/","title":{"rendered":"Espacio Cultural"},"content":{"rendered":"\t\t<div data-elementor-type=\"wp-page\" data-elementor-id=\"677\" class=\"elementor elementor-677\">\n\t\t\t\t\t\t\t\t\t<section class=\"elementor-section elementor-top-section elementor-element elementor-element-6676dc3c elementor-section-boxed elementor-section-height-default elementor-section-height-default\" data-id=\"6676dc3c\" data-element_type=\"section\">\n\t\t\t\t\t\t<div class=\"elementor-container elementor-column-gap-default\">\n\t\t\t\t\t<div class=\"elementor-column elementor-col-100 elementor-top-column elementor-element elementor-element-5c5a2c57\" data-id=\"5c5a2c57\" data-element_type=\"column\">\n\t\t\t<div class=\"elementor-widget-wrap elementor-element-populated\">\n\t\t\t\t\t\t\t\t<div class=\"elementor-element elementor-element-2e365f23 elementor-widget elementor-widget-heading\" data-id=\"2e365f23\" data-element_type=\"widget\" data-widget_type=\"heading.default\">\n\t\t\t\t<div class=\"elementor-widget-container\">\n\t\t\t<style>\/*! elementor - v3.14.0 - 26-06-2023 *\/\n.elementor-heading-title{padding:0;margin:0;line-height:1}.elementor-widget-heading .elementor-heading-title[class*=elementor-size-]>a{color:inherit;font-size:inherit;line-height:inherit}.elementor-widget-heading .elementor-heading-title.elementor-size-small{font-size:15px}.elementor-widget-heading .elementor-heading-title.elementor-size-medium{font-size:19px}.elementor-widget-heading .elementor-heading-title.elementor-size-large{font-size:29px}.elementor-widget-heading .elementor-heading-title.elementor-size-xl{font-size:39px}.elementor-widget-heading .elementor-heading-title.elementor-size-xxl{font-size:59px}<\/style><h1 class=\"elementor-heading-title elementor-size-default\">ESPACIO CULTURAL<\/h1>\t\t<\/div>\n\t\t\t\t<\/div>\n\t\t\t\t\t<\/div>\n\t\t<\/div>\n\t\t\t\t\t\t\t<\/div>\n\t\t<\/section>\n\t\t\t\t<section class=\"elementor-section elementor-top-section elementor-element elementor-element-36ee23b8 elementor-section-boxed elementor-section-height-default elementor-section-height-default\" data-id=\"36ee23b8\" data-element_type=\"section\">\n\t\t\t\t\t\t<div class=\"elementor-container elementor-column-gap-default\">\n\t\t\t\t\t<div class=\"elementor-column elementor-col-100 elementor-top-column elementor-element elementor-element-7eb7082\" data-id=\"7eb7082\" data-element_type=\"column\">\n\t\t\t<div class=\"elementor-widget-wrap elementor-element-populated\">\n\t\t\t\t\t\t\t\t<div class=\"elementor-element elementor-element-6989d5eb elementor-widget elementor-widget-text-editor\" data-id=\"6989d5eb\" data-element_type=\"widget\" data-widget_type=\"text-editor.default\">\n\t\t\t\t<div class=\"elementor-widget-container\">\n\t\t\t<style>\/*! elementor - v3.14.0 - 26-06-2023 *\/\n.elementor-widget-text-editor.elementor-drop-cap-view-stacked .elementor-drop-cap{background-color:#69727d;color:#fff}.elementor-widget-text-editor.elementor-drop-cap-view-framed .elementor-drop-cap{color:#69727d;border:3px solid;background-color:transparent}.elementor-widget-text-editor:not(.elementor-drop-cap-view-default) .elementor-drop-cap{margin-top:8px}.elementor-widget-text-editor:not(.elementor-drop-cap-view-default) .elementor-drop-cap-letter{width:1em;height:1em}.elementor-widget-text-editor .elementor-drop-cap{float:left;text-align:center;line-height:1;font-size:50px}.elementor-widget-text-editor .elementor-drop-cap-letter{display:inline-block}<\/style>\t\t\t\t<p>La Casa de Las Burbujas Azules es un teatro al aire libre, un espacio cultural en el medio rural bajoaragon\u00e9s&nbsp;con el objetivo de&nbsp; nuestro entorno m\u00e1s cercano. Por medio de nuestras actividades y propuestas culturales creamos territorio, ampliamos el horizonte cultural de nuestros usuarios y damos a conocer nuestro entorno a artistas y visitantes por medio del arte. Con una&nbsp; programaci\u00f3n regular durante los meses de mayo&nbsp; a octubre realizamos varios ciclos : &#8220;Mayo Payaso&#8221;, &#8220;Al Arte Libre&#8221;&nbsp; y un festival en el que&nbsp; visibilizamos al sector art\u00edstico rural &#8220;Wood Box Festival&#8221;.<\/p>\n<p>Sede de la escuela de Circo de El Pol\u00edglota&nbsp;Teatro y espacio de residencias art\u00edsticas para compa\u00f1\u00edas de teatro y circo.<\/p>\n<p>Nuestra filosof\u00eda de trabajo: creemos que por medio del arte podemos aportar un cambio desde las edades m\u00e1s tempranas , queremos hacerlo a trav\u00e9s de la diversi\u00f3n y de las&nbsp; representaciones art\u00edsticas&nbsp;diversas, diferentes y multidisciplinares. Nuestro lema #vivirdelarteenmipuebloesposible. Vivir del Arte es Posible en el medio rural y apostamos por la profesionalizaci\u00f3n del sector art\u00edstico&nbsp;y el empleo a tiempo completo de los artistas en sus artes.<\/p>\t\t\t\t\t\t<\/div>\n\t\t\t\t<\/div>\n\t\t\t\t\t<\/div>\n\t\t<\/div>\n\t\t\t\t\t\t\t<\/div>\n\t\t<\/section>\n\t\t\t\t<section class=\"elementor-section elementor-top-section elementor-element elementor-element-1b45b52 elementor-section-boxed elementor-section-height-default elementor-section-height-default\" data-id=\"1b45b52\" data-element_type=\"section\">\n\t\t\t\t\t\t<div class=\"elementor-container elementor-column-gap-default\">\n\t\t\t\t\t<div class=\"elementor-column elementor-col-100 elementor-top-column elementor-element elementor-element-3a064f09\" data-id=\"3a064f09\" data-element_type=\"column\">\n\t\t\t<div class=\"elementor-widget-wrap elementor-element-populated\">\n\t\t\t\t\t\t\t\t<div class=\"elementor-element elementor-element-258428af elementor-arrows-position-inside elementor-pagination-position-outside elementor-widget elementor-widget-image-carousel\" data-id=\"258428af\" data-element_type=\"widget\" data-settings=\"{&quot;navigation&quot;:&quot;both&quot;,&quot;autoplay&quot;:&quot;yes&quot;,&quot;pause_on_hover&quot;:&quot;yes&quot;,&quot;pause_on_interaction&quot;:&quot;yes&quot;,&quot;autoplay_speed&quot;:5000,&quot;infinite&quot;:&quot;yes&quot;,&quot;speed&quot;:500}\" data-widget_type=\"image-carousel.default\">\n\t\t\t\t<div class=\"elementor-widget-container\">\n\t\t\t<style>\/*! elementor - v3.14.0 - 26-06-2023 *\/\n.elementor-widget-image-carousel .swiper,.elementor-widget-image-carousel .swiper-container{position:static}.elementor-widget-image-carousel .swiper-container .swiper-slide figure,.elementor-widget-image-carousel .swiper .swiper-slide figure{line-height:inherit}.elementor-widget-image-carousel .swiper-slide{text-align:center}.elementor-image-carousel-wrapper:not(.swiper-container-initialized):not(.swiper-initialized) .swiper-slide{max-width:calc(100% \/ var(--e-image-carousel-slides-to-show, 3))}<\/style>\t\t<div class=\"elementor-image-carousel-wrapper swiper-container\" dir=\"ltr\">\n\t\t\t<div class=\"elementor-image-carousel swiper-wrapper\" aria-live=\"off\">\n\t\t\t\t\t\t\t\t<div class=\"swiper-slide\" role=\"group\" aria-roledescription=\"slide\" aria-label=\"1 of 4\"><figure class=\"swiper-slide-inner\"><img decoding=\"async\" class=\"swiper-slide-image\" src=\"https:\/\/lacasadelasburbujasazules.com\/en\/wp-content\/uploads\/sites\/5\/2022\/12\/arte_libre_prueba-768x1086.jpg\" alt=\"Arte libre\" \/><\/figure><\/div><div class=\"swiper-slide\" role=\"group\" aria-roledescription=\"slide\" aria-label=\"2 of 4\"><figure class=\"swiper-slide-inner\"><img decoding=\"async\" class=\"swiper-slide-image\" src=\"https:\/\/lacasadelasburbujasazules.com\/en\/wp-content\/uploads\/sites\/5\/2022\/12\/residencia_artistica_prueba-768x1086.jpg\" alt=\"Residencia art\u00edstica\" \/><\/figure><\/div><div class=\"swiper-slide\" role=\"group\" aria-roledescription=\"slide\" aria-label=\"3 of 4\"><figure class=\"swiper-slide-inner\"><img decoding=\"async\" class=\"swiper-slide-image\" src=\"https:\/\/lacasadelasburbujasazules.com\/en\/wp-content\/uploads\/sites\/5\/2022\/12\/woodbox_prueba-768x1086.jpg\" alt=\"Woodbox\" \/><\/figure><\/div><div class=\"swiper-slide\" role=\"group\" aria-roledescription=\"slide\" aria-label=\"4 of 4\"><figure class=\"swiper-slide-inner\"><img decoding=\"async\" class=\"swiper-slide-image\" src=\"https:\/\/lacasadelasburbujasazules.com\/en\/wp-content\/uploads\/sites\/5\/2022\/12\/mayo_payaso_prueba-768x1086.jpg\" alt=\"Mayo Payaso\" \/><\/figure><\/div>\t\t\t<\/div>\n\t\t\t\t\t\t\t\t\t\t\t\t<div class=\"elementor-swiper-button elementor-swiper-button-prev\" role=\"button\" tabindex=\"0\">\n\t\t\t\t\t\t<i aria-hidden=\"true\" class=\"eicon-chevron-left\"><\/i>\t\t\t\t\t<\/div>\n\t\t\t\t\t<div class=\"elementor-swiper-button elementor-swiper-button-next\" role=\"button\" tabindex=\"0\">\n\t\t\t\t\t\t<i aria-hidden=\"true\" class=\"eicon-chevron-right\"><\/i>\t\t\t\t\t<\/div>\n\t\t\t\t\n\t\t\t\t\t\t\t\t\t<div class=\"swiper-pagination\"><\/div>\n\t\t\t\t\t\t\t\t\t<\/div>\n\t\t\t\t<\/div>\n\t\t\t\t<\/div>\n\t\t\t\t\t<\/div>\n\t\t<\/div>\n\t\t\t\t\t\t\t<\/div>\n\t\t<\/section>\n\t\t\t\t\t\t\t<\/div>\n\t\t","protected":false},"excerpt":{"rendered":"<p>ESPACIO CULTURAL La Casa de Las Burbujas Azules es un teatro al aire libre, un espacio cultural en el medio rural bajoaragon\u00e9s&nbsp;con el objetivo de&nbsp; nuestro entorno m\u00e1s cercano. Por medio de nuestras actividades y propuestas culturales creamos territorio, ampliamos el horizonte cultural de nuestros usuarios y damos a conocer nuestro entorno a artistas y<\/p>\n<footer><a title=\"Espacio Cultural\" id=\"read-more\" href=\"https:\/\/lacasadelasburbujasazules.com\/en\/espacio-cultural\/\"><i class=\"icon\"><\/i>Read More<\/a><\/footer>\n","protected":false},"author":1,"featured_media":0,"parent":0,"menu_order":0,"comment_status":"closed","ping_status":"closed","template":"template-parts\/template-elementor.php","meta":{"_monsterinsights_skip_tracking":false,"_monsterinsights_sitenote_active":false,"_monsterinsights_sitenote_note":"","_monsterinsights_sitenote_category":0,"_themeisle_gutenberg_block_has_review":false,"footnotes":""},"class_list":["post-677","page","type-page","status-publish","hentry"],"yoast_head":"<!-- This site is optimized with the Yoast SEO plugin v20.10 - https:\/\/yoast.com\/wordpress\/plugins\/seo\/ -->\n<title>Espacio Cultural - La Casa de las Burbujas Azules<\/title>\n<meta name=\"robots\" content=\"index, follow, max-snippet:-1, max-image-preview:large, max-video-preview:-1\" \/>\n<link rel=\"canonical\" href=\"https:\/\/lacasadelasburbujasazules.com\/en\/espacio-cultural\/\" \/>\n<meta property=\"og:locale\" content=\"en_US\" \/>\n<meta property=\"og:type\" content=\"article\" \/>\n<meta property=\"og:title\" content=\"Espacio Cultural - La Casa de las Burbujas Azules\" \/>\n<meta property=\"og:description\" content=\"ESPACIO CULTURAL La Casa de Las Burbujas Azules es un teatro al aire libre, un espacio cultural en el medio rural bajoaragon\u00e9s&nbsp;con el objetivo de&nbsp; nuestro entorno m\u00e1s cercano. Por medio de nuestras actividades y propuestas culturales creamos territorio, ampliamos el horizonte cultural de nuestros usuarios y damos a conocer nuestro entorno a artistas yRead More\" \/>\n<meta property=\"og:url\" content=\"https:\/\/lacasadelasburbujasazules.com\/en\/espacio-cultural\/\" \/>\n<meta property=\"og:site_name\" content=\"La Casa de las Burbujas Azules\" \/>\n<meta property=\"article:modified_time\" content=\"2023-04-17T13:25:07+00:00\" \/>\n<meta property=\"og:image\" content=\"https:\/\/lacasadelasburbujasazules.com\/en\/wp-content\/uploads\/sites\/5\/2022\/12\/arte_libre_prueba-768x1086.jpg\" \/>\n<meta name=\"twitter:card\" content=\"summary_large_image\" \/>\n<meta name=\"twitter:label1\" content=\"Est. reading time\" \/>\n\t<meta name=\"twitter:data1\" content=\"2 minutes\" \/>\n<script type=\"application\/ld+json\" class=\"yoast-schema-graph\">{\"@context\":\"https:\/\/schema.org\",\"@graph\":[{\"@type\":\"WebPage\",\"@id\":\"https:\/\/lacasadelasburbujasazules.com\/en\/espacio-cultural\/\",\"url\":\"https:\/\/lacasadelasburbujasazules.com\/en\/espacio-cultural\/\",\"name\":\"Espacio Cultural - La Casa de las Burbujas Azules\",\"isPartOf\":{\"@id\":\"https:\/\/lacasadelasburbujasazules.com\/en\/#website\"},\"datePublished\":\"2023-01-18T08:34:20+00:00\",\"dateModified\":\"2023-04-17T13:25:07+00:00\",\"breadcrumb\":{\"@id\":\"https:\/\/lacasadelasburbujasazules.com\/en\/espacio-cultural\/#breadcrumb\"},\"inLanguage\":\"en-US\",\"potentialAction\":[{\"@type\":\"ReadAction\",\"target\":[\"https:\/\/lacasadelasburbujasazules.com\/en\/espacio-cultural\/\"]}]},{\"@type\":\"BreadcrumbList\",\"@id\":\"https:\/\/lacasadelasburbujasazules.com\/en\/espacio-cultural\/#breadcrumb\",\"itemListElement\":[{\"@type\":\"ListItem\",\"position\":1,\"name\":\"Portada\",\"item\":\"https:\/\/lacasadelasburbujasazules.com\/en\/\"},{\"@type\":\"ListItem\",\"position\":2,\"name\":\"Espacio Cultural\"}]},{\"@type\":\"WebSite\",\"@id\":\"https:\/\/lacasadelasburbujasazules.com\/en\/#website\",\"url\":\"https:\/\/lacasadelasburbujasazules.com\/en\/\",\"name\":\"La Casa de las Burbujas Azules\",\"description\":\"Casa rural\",\"publisher\":{\"@id\":\"https:\/\/lacasadelasburbujasazules.com\/en\/#organization\"},\"potentialAction\":[{\"@type\":\"SearchAction\",\"target\":{\"@type\":\"EntryPoint\",\"urlTemplate\":\"https:\/\/lacasadelasburbujasazules.com\/en\/?s={search_term_string}\"},\"query-input\":\"required name=search_term_string\"}],\"inLanguage\":\"en-US\"},{\"@type\":\"Organization\",\"@id\":\"https:\/\/lacasadelasburbujasazules.com\/en\/#organization\",\"name\":\"La Casa de las Burbujas Azules\",\"url\":\"https:\/\/lacasadelasburbujasazules.com\/en\/\",\"logo\":{\"@type\":\"ImageObject\",\"inLanguage\":\"en-US\",\"@id\":\"https:\/\/lacasadelasburbujasazules.com\/en\/#\/schema\/logo\/image\/\",\"url\":\"https:\/\/lacasadelasburbujasazules.com\/en\/wp-content\/uploads\/sites\/5\/2022\/03\/cropped-logo.jpg\",\"contentUrl\":\"https:\/\/lacasadelasburbujasazules.com\/en\/wp-content\/uploads\/sites\/5\/2022\/03\/cropped-logo.jpg\",\"width\":128,\"height\":128,\"caption\":\"La Casa de las Burbujas Azules\"},\"image\":{\"@id\":\"https:\/\/lacasadelasburbujasazules.com\/en\/#\/schema\/logo\/image\/\"}}]}<\/script>\n<!-- \/ Yoast SEO plugin. -->","yoast_head_json":{"title":"Espacio Cultural - La Casa de las Burbujas Azules","robots":{"index":"index","follow":"follow","max-snippet":"max-snippet:-1","max-image-preview":"max-image-preview:large","max-video-preview":"max-video-preview:-1"},"canonical":"https:\/\/lacasadelasburbujasazules.com\/en\/espacio-cultural\/","og_locale":"en_US","og_type":"article","og_title":"Espacio Cultural - La Casa de las Burbujas Azules","og_description":"ESPACIO CULTURAL La Casa de Las Burbujas Azules es un teatro al aire libre, un espacio cultural en el medio rural bajoaragon\u00e9s&nbsp;con el objetivo de&nbsp; nuestro entorno m\u00e1s cercano. Por medio de nuestras actividades y propuestas culturales creamos territorio, ampliamos el horizonte cultural de nuestros usuarios y damos a conocer nuestro entorno a artistas yRead More","og_url":"https:\/\/lacasadelasburbujasazules.com\/en\/espacio-cultural\/","og_site_name":"La Casa de las Burbujas Azules","article_modified_time":"2023-04-17T13:25:07+00:00","og_image":[{"url":"https:\/\/lacasadelasburbujasazules.com\/en\/wp-content\/uploads\/sites\/5\/2022\/12\/arte_libre_prueba-768x1086.jpg"}],"twitter_card":"summary_large_image","twitter_misc":{"Est. reading time":"2 minutes"},"schema":{"@context":"https:\/\/schema.org","@graph":[{"@type":"WebPage","@id":"https:\/\/lacasadelasburbujasazules.com\/en\/espacio-cultural\/","url":"https:\/\/lacasadelasburbujasazules.com\/en\/espacio-cultural\/","name":"Espacio Cultural - La Casa de las Burbujas Azules","isPartOf":{"@id":"https:\/\/lacasadelasburbujasazules.com\/en\/#website"},"datePublished":"2023-01-18T08:34:20+00:00","dateModified":"2023-04-17T13:25:07+00:00","breadcrumb":{"@id":"https:\/\/lacasadelasburbujasazules.com\/en\/espacio-cultural\/#breadcrumb"},"inLanguage":"en-US","potentialAction":[{"@type":"ReadAction","target":["https:\/\/lacasadelasburbujasazules.com\/en\/espacio-cultural\/"]}]},{"@type":"BreadcrumbList","@id":"https:\/\/lacasadelasburbujasazules.com\/en\/espacio-cultural\/#breadcrumb","itemListElement":[{"@type":"ListItem","position":1,"name":"Portada","item":"https:\/\/lacasadelasburbujasazules.com\/en\/"},{"@type":"ListItem","position":2,"name":"Espacio Cultural"}]},{"@type":"WebSite","@id":"https:\/\/lacasadelasburbujasazules.com\/en\/#website","url":"https:\/\/lacasadelasburbujasazules.com\/en\/","name":"La Casa de las Burbujas Azules","description":"Casa rural","publisher":{"@id":"https:\/\/lacasadelasburbujasazules.com\/en\/#organization"},"potentialAction":[{"@type":"SearchAction","target":{"@type":"EntryPoint","urlTemplate":"https:\/\/lacasadelasburbujasazules.com\/en\/?s={search_term_string}"},"query-input":"required name=search_term_string"}],"inLanguage":"en-US"},{"@type":"Organization","@id":"https:\/\/lacasadelasburbujasazules.com\/en\/#organization","name":"La Casa de las Burbujas Azules","url":"https:\/\/lacasadelasburbujasazules.com\/en\/","logo":{"@type":"ImageObject","inLanguage":"en-US","@id":"https:\/\/lacasadelasburbujasazules.com\/en\/#\/schema\/logo\/image\/","url":"https:\/\/lacasadelasburbujasazules.com\/en\/wp-content\/uploads\/sites\/5\/2022\/03\/cropped-logo.jpg","contentUrl":"https:\/\/lacasadelasburbujasazules.com\/en\/wp-content\/uploads\/sites\/5\/2022\/03\/cropped-logo.jpg","width":128,"height":128,"caption":"La Casa de las Burbujas Azules"},"image":{"@id":"https:\/\/lacasadelasburbujasazules.com\/en\/#\/schema\/logo\/image\/"}}]}},"_links":{"self":[{"href":"https:\/\/lacasadelasburbujasazules.com\/en\/wp-json\/wp\/v2\/pages\/677","targetHints":{"allow":["GET"]}}],"collection":[{"href":"https:\/\/lacasadelasburbujasazules.com\/en\/wp-json\/wp\/v2\/pages"}],"about":[{"href":"https:\/\/lacasadelasburbujasazules.com\/en\/wp-json\/wp\/v2\/types\/page"}],"author":[{"embeddable":true,"href":"https:\/\/lacasadelasburbujasazules.com\/en\/wp-json\/wp\/v2\/users\/1"}],"replies":[{"embeddable":true,"href":"https:\/\/lacasadelasburbujasazules.com\/en\/wp-json\/wp\/v2\/comments?post=677"}],"version-history":[{"count":19,"href":"https:\/\/lacasadelasburbujasazules.com\/en\/wp-json\/wp\/v2\/pages\/677\/revisions"}],"predecessor-version":[{"id":951,"href":"https:\/\/lacasadelasburbujasazules.com\/en\/wp-json\/wp\/v2\/pages\/677\/revisions\/951"}],"wp:attachment":[{"href":"https:\/\/lacasadelasburbujasazules.com\/en\/wp-json\/wp\/v2\/media?parent=677"}],"curies":[{"name":"wp","href":"https:\/\/api.w.org\/{rel}","templated":true}]}}